{"id":10,"date":"2026-01-19T17:27:13","date_gmt":"2026-01-19T16:27:13","guid":{"rendered":"https:\/\/cv.t-group.hu\/?page_id=10"},"modified":"2026-01-22T16:58:21","modified_gmt":"2026-01-22T15:58:21","slug":"szakmai-tapasztalat","status":"publish","type":"page","link":"https:\/\/cv.t-group.hu\/?page_id=10","title":{"rendered":"Szakmai tapasztalat"},"content":{"rendered":"\n<div class=\"wp-block-group is-layout-grid wp-container-core-group-is-layout-9649a0d9 wp-block-group-is-layout-grid\"><\/div>\n\n\n\n<div class=\"wp-block-group is-content-justification-center is-nowrap is-layout-flex wp-container-core-group-is-layout-079bfc22 wp-block-group-is-layout-flex\">\n<ul class=\"wp-block-list\">\n<li>Iskol\u00e1k\n<ul class=\"wp-block-list\">\n<li>1999-2003 G\u00e9p\u00e9szeti Szakk\u00f6z\u00e9piskola\n<ul class=\"wp-block-list\">\n<li>\u00c9retts\u00e9gi<\/li>\n<\/ul>\n<\/li>\n\n\n\n<li>2003-2005 D\u00e9ri Miksa Szakk\u00f6z\u00e9p \u00e9s Szakiskola\n<ul class=\"wp-block-list\">\n<li>Aut\u00f3szerel\u0151<\/li>\n<\/ul>\n<\/li>\n\n\n\n<li>2007- \u00d3budai Egyetem RKK\n<ul class=\"wp-block-list\">\n<li>K\u00f6nny\u0171ipari m\u00e9rn\u00f6k<\/li>\n<\/ul>\n<\/li>\n\n\n\n<li>2010-2011 Leginusz Oktat\u00f3k\u00f6zpont\n<ul class=\"wp-block-list\">\n<li> Informatikai h\u00e1l\u00f3zattelep\u00edt\u0151 \u00e9s \u00fczemeltet\u0151<\/li>\n<\/ul>\n<\/li>\n\n\n\n<li>2011-2011 Leginusz Oktat\u00f3k\u00f6zpont \n<ul class=\"wp-block-list\">\n<li>Sz\u00e1m\u00edt\u00f3g\u00e9prendszer karbantart\u00f3<\/li>\n<\/ul>\n<\/li>\n\n\n\n<li>2011-2012 Leginusz Oktat\u00f3k\u00f6zpont\n<ul class=\"wp-block-list\">\n<li>IT biztons\u00e1g technikus<\/li>\n<\/ul>\n<\/li>\n\n\n\n<li>2025-2026 Computer School Szakk\u00e9pz\u0151 Iskola \u00e9s Technikum\n<ul class=\"wp-block-list\">\n<li>\u00c9p\u00fclet villamoss\u00e1giszerel\u0151<\/li>\n<\/ul>\n<\/li>\n<\/ul>\n<\/li>\n<\/ul>\n\n\n\n<ul class=\"wp-block-list\">\n<li>Munkahelyek\n<ul class=\"wp-block-list\">\n<li>2005.11 &#8211; 2008.08 TNT Express Hungary<\/li>\n\n\n\n<li>2008.09 &#8211; 2010.09 Avalon Rent a Car(e) Kft.\n<ul class=\"wp-block-list\">\n<li>\u00dcgyf\u00e9lkapcsolati munkat\u00e1rs<\/li>\n<\/ul>\n<\/li>\n\n\n\n<li>2010.12 &#8211; 2011.09 Air Budapest Club Kft.\n<ul class=\"wp-block-list\">\n<li>Biztons\u00e1gi Ellen\u0151r<\/li>\n<\/ul>\n<\/li>\n\n\n\n<li>2011.09 &#8211; 2012.06 Budapest Airport Zrt.\n<ul class=\"wp-block-list\">\n<li>Biztons\u00e1gi Ellen\u0151r<\/li>\n<\/ul>\n<\/li>\n\n\n\n<li>2012.11 &#8211; 2014.04 4Life Direct Kft.<\/li>\n\n\n\n<li>2014.07 &#8211; 2015.12 Navigator Informatika Zrt.<\/li>\n\n\n\n<li>2016.01 &#8211; 2016.09 IGS Informatika Zrt.<\/li>\n\n\n\n<li>2016.11 &#8211; 2017.08 Humansoft Kft.<\/li>\n\n\n\n<li>2018.01 &#8211; 2025.09 Invitech ICT Services Kft.\n<ul class=\"wp-block-list\">\n<li>2018 &#8211; 2019 Rendszeradminisztr\u00e1tor<\/li>\n\n\n\n<li>2019 &#8211; 2022 Command Center Oper\u00e1tor<\/li>\n\n\n\n<li>2022 &#8211; 2025 Linux rendszerm\u00e9rn\u00f6k<\/li>\n<\/ul>\n<\/li>\n\n\n\n<li>2025.10 &#8211; Jelenleg One Magyarorsz\u00e1g Zrt.\n<ul class=\"wp-block-list\">\n<li>2025 &#8211; jelenleg Linux rendszerm\u00e9rn\u00f6k<\/li>\n<\/ul>\n<\/li>\n<\/ul>\n<\/li>\n<\/ul>\n<\/div>\n\n\n\n<div class=\"wp-block-group is-content-justification-center is-nowrap is-layout-flex wp-container-core-group-is-layout-94bc23d7 wp-block-group-is-layout-flex\">\n<ul class=\"wp-block-list\">\n<li>Szem\u00e9lyes kompetenci\u00e1k\n<ul class=\"wp-block-list\">\n<li>A,B kateg\u00f3ri\u00e1s jogos\u00edtv\u00e1ny<\/li>\n\n\n\n<li>Loj\u00e1lis<\/li>\n\n\n\n<li>Elhivatott<\/li>\n\n\n\n<li>Tanul\u00e1sra fog\u00e9kony<\/li>\n<\/ul>\n<\/li>\n\n\n\n<li>Szakmai k\u00e9szs\u00e9gek\n<ul class=\"wp-block-list\">\n<li>Docker<\/li>\n\n\n\n<li>Zabbix<\/li>\n\n\n\n<li>Nagios<\/li>\n\n\n\n<li>Apache<\/li>\n\n\n\n<li>Nginx<\/li>\n\n\n\n<li>Squid<\/li>\n\n\n\n<li>HAProxy<\/li>\n\n\n\n<li>OpenVPN<\/li>\n\n\n\n<li>MikroTik<\/li>\n\n\n\n<li>Hyper-V<\/li>\n\n\n\n<li>Vmware<\/li>\n\n\n\n<li>Proxmox<\/li>\n\n\n\n<li>Veeam<\/li>\n\n\n\n<li>MySQL<\/li>\n\n\n\n<li>MSSQL<\/li>\n<\/ul>\n<\/li>\n<\/ul>\n\n\n\n<ul class=\"wp-block-list\"><\/ul>\n<\/div>\n\n\n\n<p><\/p>\n","protected":false},"excerpt":{"rendered":"","protected":false},"author":1,"featured_media":0,"parent":0,"menu_order":0,"comment_status":"closed","ping_status":"closed","template":"","meta":{"footnotes":""},"class_list":["post-10","page","type-page","status-publish","hentry"],"_links":{"self":[{"href":"https:\/\/cv.t-group.hu\/index.php?rest_route=\/wp\/v2\/pages\/10","targetHints":{"allow":["GET"]}}],"collection":[{"href":"https:\/\/cv.t-group.hu\/index.php?rest_route=\/wp\/v2\/pages"}],"about":[{"href":"https:\/\/cv.t-group.hu\/index.php?rest_route=\/wp\/v2\/types\/page"}],"author":[{"embeddable":true,"href":"https:\/\/cv.t-group.hu\/index.php?rest_route=\/wp\/v2\/users\/1"}],"replies":[{"embeddable":true,"href":"https:\/\/cv.t-group.hu\/index.php?rest_route=%2Fwp%2Fv2%2Fcomments&post=10"}],"version-history":[{"count":29,"href":"https:\/\/cv.t-group.hu\/index.php?rest_route=\/wp\/v2\/pages\/10\/revisions"}],"predecessor-version":[{"id":71,"href":"https:\/\/cv.t-group.hu\/index.php?rest_route=\/wp\/v2\/pages\/10\/revisions\/71"}],"wp:attachment":[{"href":"https:\/\/cv.t-group.hu\/index.php?rest_route=%2Fwp%2Fv2%2Fmedia&parent=10"}],"curies":[{"name":"wp","href":"https:\/\/api.w.org\/{rel}","templated":true}]}}